{"id":772,"date":"2005-03-05T12:27:00","date_gmt":"2005-03-05T11:27:00","guid":{"rendered":"https:\/\/www.vorspeisenplatte.de\/speisen\/koeche\/"},"modified":"2026-01-21T06:12:42","modified_gmt":"2026-01-21T05:12:42","slug":"koeche","status":"publish","type":"page","link":"https:\/\/www.vorspeisenplatte.de\/speisen\/koeche","title":{"rendered":"Andere K\u00f6che"},"content":{"rendered":"<h3>Blogroll<\/h3>\n<p>Eine Liste von Blogs, f\u00fcr die ich mich interessiere. Manche davon wurden seit Jahren nicht aktualisiert &#8211; sie haben dennoch einen Platz in meinem Herzen. Manche sind verwaist, weil der\/die Blogger*in dahinter nicht mehr lebt. Sie geh\u00f6ren immer noch zu denen, f\u00fcr die ich mich interessiere.<\/p>\n<ul>\n<li><a href=\"http:\/\/anneschuessler.com\/\">Ach komm, geh wech<\/a><\/li>\n<li><a href=\"https:\/\/alltaeglichesundausgedachtes.com\/\">Allt\u00e4gliches + Ausgedachtes<\/a><\/li>\n<li><a title=\"Am linken Ufer\" href=\"http:\/\/am-linken-ufer.blogspot.com\/\">Am linken Ufer<\/a><\/li>\n<li><a title=\"and the trees, too\" href=\"http:\/\/arboretum.blogger.de\/\">and the trees, too<\/a><\/li>\n<li><a title=\"annalist\" href=\"http:\/\/annalist.noblogs.org\/\">annalist<\/a><\/li>\n<li><a title=\"&quot;Mach doch mal was mit Tieren.&quot;\" href=\"http:\/\/vari.antville.org\/\">&#8220;Mach doch mal was mit Tieren.&#8221;<\/a><\/li>\n<li><a title=\"365 days\" href=\"http:\/\/threefivesix.blogspot.com\/\">365 days<\/a><\/li>\n<li><a title=\"Anke Gr\u00f6ner\" href=\"https:\/\/www.ankegroener.de\/blog\/\">Anke Gr\u00f6ner<\/a><\/li>\n<li><a title=\"Augen geradeaus\" href=\"http:\/\/augengeradeaus.net\/\">Augen geradeaus<\/a><\/li>\n<li><a title=\"Aus Liebe zur Freiheit\" href=\"http:\/\/antjeschrupp.com\/\">Aus Liebe zur Freiheit<\/a><\/li>\n<li><a title=\"Behindertenparkplatz\" href=\"http:\/\/www.behindertenparkplatz.de\/\">Behindertenparkplatz<\/a><\/li>\n<li><a title=\"BILDblog\" href=\"http:\/\/www.bildblog.de\">BILDblog<\/a><\/li>\n<li><a title=\"Binge Reading &#038; More\" href=\"https:\/\/bingereader.org\/\">Binge Reading &#038; More<\/a><\/li>\n<li><a title=\"blogk\" href=\"http:\/\/www.blogk.ch\">blogk<\/a><\/li>\n<li><a title=\"[bov] eier erbsen schleim &amp; zeug\" href=\"http:\/\/bov.antville.org\/\">[bov] eier erbsen schleim &amp; zeug<\/a><\/li>\n<li><a href=\"https:\/\/www.buddenbohm-und-soehne.de\/\" target=\"_blank\" rel=\"noopener noreferrer\">Buddenbohm &amp; S\u00f6hne<\/a><\/li>\n<li><a title=\"Camp Catatonia\" href=\"http:\/\/campcatatonia.org\/\">Camp Catatonia<\/a><\/li>\n<li><a title=\"Charming Quark\" href=\"http:\/\/www.charmingquark.de\">Charming Quark<\/a><\/li>\n<li><a title=\"chez@heibie\" href=\"https:\/\/bielinski.de\/\">chez@heibie<\/a><\/li>\n<li><a title=\"Chris Kurbjuhns Netzecke\" href=\"http:\/\/www.chris-kurbjuhn.de\">Chris Kurbjuhns Netzecke<\/a><\/li>\n<li><a title=\"croco\" href=\"http:\/\/crocodylus.wordpress.com\">croco<\/a><\/li>\n<li><a title=\"danger! bananas\" href=\"http:\/\/dangerbananas.blogspot.com\/\">danger! bananas<\/a><\/li>\n<li><a title=\"Das hermetische Caf\u00e9\" href=\"http:\/\/kid37.blogger.de\/\">Das hermetische Caf\u00e9<\/a><\/li>\n<li><a title=\"Das Nuf Advanced\" href=\"http:\/\/dasnuf.de\">Das Nuf Advanced<\/a><\/li>\n<li><a title=\"Daily Mo\" href=\"https:\/\/www.mogazin.de\/\">Daily Mo<\/a><\/li>\n<li><a title=\"delicious:days\" href=\"http:\/\/www.deliciousdays.com\">delicious:days<\/a><\/li>\n<li><a title=\"Dichtheit &amp; Wahrung (hervorgegangen aus Der Kutter. Verdr\u00e4ngung ist, was uns \u00fcber Wasser h\u00e4lt.)\" href=\"http:\/\/kutter.antville.org\/\">Dichtheit &amp; Wahrung (hervorgegangen aus Der Kutter&#8230;.<\/a><\/li>\n<li><a title=\"Dieseldunst\" href=\"http:\/\/dieseldunst.blogger.de\/\">Dieseldunst<\/a><\/li>\n<li><a title=\"Dooce\" href=\"https:\/\/dooce.com\/\">Dooce<\/a><\/li>\n<li><a href=\"https:\/\/blog.vanessagiese.de\/\">Drau\u00dfen nur K\u00e4nnchen<\/a><\/li>\n<li><a href=\"http:\/\/engl.jetzt\/\">Raum f\u00fcr Notizen<\/a><\/li>\n<li><a title=\"Erinnerungsengramme\" href=\"http:\/\/erinnerungsengramme.wordpress.com\">Erinnerungsengramme<\/a><\/li>\n<li><a title=\"exdirk: verba volant, scripta manent.\" href=\"http:\/\/exdirk.antville.org\/\">exdirk: verba volant, scripta manent.<\/a><\/li>\n<li><a title=\"Feministing\" href=\"http:\/\/feministing.com\">Feministing<\/a><\/li>\n<li><a title=\"fragmente\" href=\"http:\/\/fragmente.me\/\">fragmente<\/a><\/li>\n<li><a title=\"franziskript.de\" href=\"http:\/\/blog.franziskript.de\">franziskript.de<\/a><\/li>\n<li><a title=\"Frau ... \u00e4h ... Mutti\" href=\"http:\/\/www.frau-mutti.de\/\">Frau &#8230; \u00e4h &#8230; Mutti<\/a><\/li>\n<li><a title=\"Gaga Nielsen\" href=\"https:\/\/gaganielsen.com\/\">Gaga Nielsen<\/a><\/li>\n<li><a title=\"Glumm\" href=\"https:\/\/glumm.wordpress.com\/\">Glumm<\/a><\/li>\n<li><a title=\"GoFugYourself\" href=\"http:\/\/gofugyourself.com\/\">GoFugYourself<\/a><\/li>\n<li><a title=\"Goncourt's Blog - article\" href=\"http:\/\/goncourt.net\/Blog\/\">Goncourt&#8217;s Blog<\/a><\/li>\n<li><a title=\"...ein Halbtagsblog...\" href=\"http:\/\/halbtagsblog.de\/\">&#8230;ein Halbtagsblog&#8230;<\/a><\/li>\n<li><a title=\"Haltungsturnen - Klopfzeichen aus der Wirklichkeit\" href=\"http:\/\/www.haltungsturnen.de\/\">Haltungsturnen &#8211; Klopfzeichen aus der Wirklichkeit<\/a><\/li>\n<li><a title=\"Heartcore\" href=\"http:\/\/heartcorestories.wordpress.com\/\">Heartcore<\/a><\/li>\n<li><a title=\"Herzbruch\" href=\"https:\/\/herzbruch.me\/\">Herzbruch<\/a><\/li>\n<li><a title=\"hmbl\" href=\"https:\/\/hmbl.blog\/\">hmbl<\/a><\/li>\n<li><a title=\"holy fruit salad!\" href=\"http:\/\/holyfruitsalad.blogspot.com\/\">holy fruit salad!<\/a><\/li>\n<li><a title=\"Hotel Mama\" href=\"http:\/\/hotelmama.it\/\">Hotel Mama<\/a><\/li>\n<li><a title=\"Hystricidae.\" href=\"http:\/\/istrici.wordpress.com\">Hystricidae.<\/a><\/li>\n<li><a title=\"iberty\" href=\"https:\/\/iberty.de\/\">iberty<\/a><\/li>\n<li><a title=\"ignant\" href=\"https:\/\/www.ignant.com\/\">ignant<\/a><\/li>\n<li><a title=\"Indiskretion Ehrensache\" href=\"http:\/\/www.indiskretionehrensache.de\">Indiskretion Ehrensache<\/a><\/li>\n<li><a title=\"Instant Nirwana\" href=\"https:\/\/concord.antville.org\/\">Instant Nirwana<\/a><\/li>\n<li><a href=\"https:\/\/irgendwiejuedisch.com\/\">irgendwie j\u00fcdisch<\/a><\/li>\n<li><a title=\"Isabel Bogdan\" href=\"http:\/\/isabelbogdan.de\">Isabel Bogdan<\/a><\/li>\n<li><a title=\"Isabella Donnerhall\" href=\"https:\/\/donnerbella.de\/\">Isabella Donnerhall<\/a><\/li>\n<li><a title=\"jensscholz.com\" href=\"http:\/\/jensscholz.com\/index.php\">jensscholz.com<\/a><\/li>\n<li><a href=\"https:\/\/joel.lu\/\" target=\"_blank\" rel=\"noopener noreferrer\">Jo\u00ebl<\/a><\/li>\n<li><a title=\"Jojos illustrierter Blog\" href=\"http:\/\/blog.beetlebum.de\">Jojos illustrierter Blog<\/a><\/li>\n<li><a title=\"Journelle\" href=\"http:\/\/www.journelle.de\">Journelle<\/a><\/li>\n<li><a title=\"katias blog\" href=\"http:\/\/katiakelm.de\/blog\">katias blog<\/a><\/li>\n<li><a title=\"kelef\" href=\"http:\/\/gastgeberin.blogger.de\/\">kelef<\/a><\/li>\n<li><a title=\"kids and me\" href=\"http:\/\/kinderdoc.wordpress.com\/\">kids and me<\/a><\/li>\n<li><a title=\"Kitty Koma\" href=\"http:\/\/kittykoma.de\">Kitty Koma<\/a><\/li>\n<li><a href=\"https:\/\/bruellen.blogspot.com\/\">kl. bruellen<\/a><\/li>\n<li><a href=\"https:\/\/frauklugscheisser.de\/\">Frau Klugscheisser<\/a><\/li>\n<li><a title=\"Konstantin Klein\" href=\"https:\/\/konstantinklein.com\/\">Konstantin Klein<\/a><\/li>\n<li><a title=\"Kritische Masse\" href=\"https:\/\/www.kritische-masse.de\/logbuch\/\">Kritische Masse<\/a><\/li>\n<li><a title=\"Kscheib\" href=\"http:\/\/kscheib.de\">Kscheib<\/a><\/li>\n<li><a title=\"Leben. Nichts.\" href=\"http:\/\/nuss.twoday.net\/\">Leben. Nichts.<\/a><\/li>\n<li><a title=\"Lehrerzimmer\" href=\"http:\/\/www.herr-rau.de\/wordpress\">Lehrerzimmer<\/a><\/li>\n<li><a title=\"Letters from Rungholt\" href=\"http:\/\/rungholt.wordpress.com\">Letters from Rungholt<\/a><\/li>\n<li><a title=\"Lizblog\" href=\"http:\/\/mevme.com\/lizblog\/\">Lizblog<\/a><\/li>\n<li><a title=\"Lydia's Welt\" href=\"https:\/\/lydiaswelt.com\/\">Lydia&#8217;s Welt<\/a><\/li>\n<li><a title=\"Maedchenmannschaft\" href=\"http:\/\/maedchenmannschaft.net\">Maedchenmannschaft<\/a><\/li>\n<li><a title=\"[ meine kleine stadt ]\" href=\"http:\/\/mks.antville.org\/\">[ meine kleine stadt ]<\/a><\/li>\n<li><a title=\"mequito - es regnet\" href=\"http:\/\/mequito.org\">mequito &#8211; es regnet<\/a><\/li>\n<li><a title=\"Melancholie Modeste\" href=\"http:\/\/modeste.me\">Melancholie Modeste<\/a><\/li>\n<li><a title=\"Miagolare\" href=\"https:\/\/derbe.blogger.de\/\">Miagolare<\/a><\/li>\n<li><a title=\"Mikrobi\" href=\"https:\/\/mikrobi.libralop.de\/\">Mikrobi<\/a><\/li>\n<li><a title=\"Mira's Blog\" href=\"https:\/\/miracorvino.digitalpress.blog\/\n\">Mira&#8217;s Blog<\/a><\/li>\n<li><a title=\"Moving Target\" href=\"http:\/\/www.moving-target.de\/\">Moving Target<\/a><\/li>\n<li><a title=\".nd.\" href=\"http:\/\/maz.blogger.de\/\">.nd.<\/a><\/li>\n<li><a title=\"netzpolitik.org\" href=\"https:\/\/netzpolitik.org\/\">netzpolitik.org<\/a><\/li>\n<li><a title=\"nina-jaeger.de\" href=\"http:\/\/www.nina-jaeger.de\/\">nina-jaeger.de<\/a><\/li>\n<li><a title=\"Notizen aus der Provinz\" href=\"http:\/\/montezblog.de\/\">Das Neueste von Jwd<\/a><\/li>\n<li><a title=\"Not quite like Beethoven\" href=\"http:\/\/notquitelikebeethoven.wordpress.com\">Not quite like Beethoven<\/a><\/li>\n<li><a title=\"Novemberregen\" href=\"https:\/\/novemberregen.de\/\">Novemberregen<\/a><\/li>\n<li><a title=\"Pharmama's Blog - zu lesen einmal t\u00e4glich\" href=\"http:\/\/pharmama.ch\/\">Pharmama&#8217;s Blog &#8211; zu lesen einmal t\u00e4glich<\/a><\/li>\n<li><a href=\"https:\/\/www.piaziefle.de\/\">Pia Ziefle<\/a><\/li>\n<li><a href=\"https:\/\/readonmydear.com\/\">Read on my dear, read on<\/a><\/li>\n<li><a href=\"https:\/\/richard-c-schneider.com\/schneiders-blog\/\">Richard C. Schneider<\/a><\/li>\n<li><a href=\"https:\/\/www.claudiakilian.de\/\">Sammelmappe<\/a><\/li>\n<li><a title=\"Scienceblogs.de\" href=\"http:\/\/scienceblogs.de\/\">Scienceblogs<\/a><\/li>\n<li><a title=\"Silent Tiffy\" href=\"https:\/\/silenttiffy.de\/\">Silent Tiffy<\/a><\/li>\n<li><a href=\"https:\/\/www.sinnundverstand.net\/blog\/\">Sinn und Verstand<\/a><\/li>\n<li><a title=\"sofa. rites de passage\" href=\"http:\/\/arrog.antville.org\/\">sofa. rites de passage<\/a><\/li>\n<li><a title=\"Spreeblick\" href=\"http:\/\/www.spreeblick.com\/\">Spreeblick<\/a><\/li>\n<li><a title=\"stattkatze.de\" href=\"http:\/\/stattkatze.de\">stattkatze.de<\/a><\/li>\n<li><a title=\"Stefan Niggemeier\" href=\"http:\/\/www.stefan-niggemeier.de\/blog\">Stefan Niggemeier<\/a><\/li>\n<li><a title=\"stefanolix\" href=\"http:\/\/stefanolix.wordpress.com\/\">stefanolix<\/a><\/li>\n<li><a href=\"https:\/\/streifzug.me\/\">Streifzug<\/a><\/li>\n<li><a href=\"https:\/\/sturmwarnung.at\/\">Sturmwarnung<\/a><\/li>\n<li><a title=\"Suschna\" href=\"http:\/\/suschna.wordpress.com\/\">Suschna<\/a><\/li>\n<li><a title=\"swissmiss\" href=\"https:\/\/www.swiss-miss.com\/\">swissmiss<\/a><\/li>\n<li><a title=\"TheBloggess.com\" href=\"http:\/\/thebloggess.com\/\">TheBloggess<\/a><\/li>\n<li><a href=\"https:\/\/techniktagebuch.tumblr.com\/\">Techniktagebuch<\/a><\/li>\n<li><a title=\"testballong\" href=\"http:\/\/adelhaid.wordpress.com\">testballong<\/a><\/li>\n<li><a title=\"The Sartorialist\" href=\"http:\/\/www.thesartorialist.com\">The Sartorialist<\/a><\/li>\n<li><a title=\"Unterwegs ist das Ziel\" href=\"https:\/\/unterwegsistdasziel.blog\">Unterwegs ist das Ziel<\/a><\/li>\n<li><a href=\"https:\/\/vom-schwimmen-und-schreiben.de\/\">Vom Schwimmen und Schreiben<\/a><\/li>\n<li><a href=\"https:\/\/mariahofbauer.wordpress.com\/\">Walk\u00fcre<\/a><\/li>\n<li><a href=\"https:\/\/wieselblog.wordpress.com\/\">Wieselblog<\/a><\/li>\n<li><a href=\"https:\/\/willsagen.de\/\">Will sagen<\/a><\/li>\n<li><a title=\"wirres.net\" href=\"http:\/\/wirres.net\">wirres.net<\/a><\/li>\n<li><a title=\"Word up!\" href=\"http:\/\/literatier.wordpress.com\">Word up!<\/a><\/li>\n<li><a title=\"wortschnittchen\" href=\"http:\/\/wortschnittchen.de\/\">wortschnittchen<\/a><\/li>\n<li><a title=\"xkcd.com\" href=\"http:\/\/xkcd.com\/\">xkcd<\/a><\/li>\n<\/ul>\n<h3>Foodblogs<\/h3>\n<ul>\n<li><a title=\"Anonyme K\u00f6che\" href=\"http:\/\/www.anonymekoeche.net\">Anonyme K\u00f6che<\/a><\/li>\n<li><a title=\"Arthurs Tochter Kocht\" href=\"http:\/\/www.arthurstochterkochtblog.com\/\">Arthurs Tochter Kocht<\/a><\/li>\n<li><a title=\"Aux d\u00e9lices d'Aur\u00e9lie\" href=\"http:\/\/www.franzoesischkochen.de\">Aux d\u00e9lices d&#8217;Aur\u00e9lie<\/a><\/li>\n<li><a title=\"Brot und Rosen\" href=\"http:\/\/www.kleineisel.de\/blogs\/index.php\/brotundrosen\/\">Brot und Rosen<\/a><\/li>\n<li><a title=\"B\u00e4cker S\u00fcpke&#96;s Welt\" href=\"http:\/\/baeckersuepke.wordpress.com\">B\u00e4cker S\u00fcpke`s Welt<\/a><\/li>\n<li><a href=\"https:\/\/chezmatze.de\/\">Chez Matze<\/a><\/li>\n<li><a title=\"Chili und Ciabatta\" href=\"https:\/\/chili-und-ciabatta.de\/\">Chili und Ciabatta<\/a><\/li>\n<li><a title=\"David Lebovitz\" href=\"http:\/\/www.davidlebovitz.com\/\">David Lebovitz<\/a><\/li>\n<li><a title=\"delicious:days\" href=\"http:\/\/www.deliciousdays.com\">delicious:days<\/a><\/li>\n<li><a title=\"der brotdoc\" href=\"http:\/\/brotdoc.com\">der brotdoc<\/a><\/li>\n<li><a title=\"Die K\u00fcchenschabe\" href=\"http:\/\/diekuechenschabe.blogspot.com\/\">Die K\u00fcchenschabe<\/a><\/li>\n<li><a title=\"esskultur.at\" href=\"http:\/\/www.esskultur.at\">esskultur.at<\/a><\/li>\n<li><a title=\"extra prima good\" href=\"http:\/\/www.extraprimagood.de\">extra prima good<\/a><\/li>\n<li><a title=\"Fool for Food - Rezept mit Bild\" href=\"http:\/\/www.foolforfood.de\/index.php\">Fool for Food<\/a><\/li>\n<li><a title=\"fressen und gefressen werden\" href=\"http:\/\/www.fressenundgefressenwerden.de\">fressen und gefressen werden<\/a><\/li>\n<li><a title=\"German Abendbrot\" href=\"https:\/\/germanabendbrot.wordpress.com\">German Abendbrot<\/a><\/li>\n<li><a title=\"grain de sel - salzkorn\" href=\"http:\/\/salzkorn.blogspot.com\/\">grain de sel &#8211; salzkorn<\/a><\/li>\n<li><a title=\"Hefe und mehr\" href=\"http:\/\/www.hefe-und-mehr.de\/\">Hefe und mehr<\/a><\/li>\n<li><a title=\"Kaffeebohne\" href=\"http:\/\/www.fambrenner.de\/Kaffeebohne\/wordpress\">Kaffeebohne<\/a><\/li>\n<li><a title=\"Kartoffelkombinat\" href=\"http:\/\/www.kartoffelkombinat.de\/blog\">Kartoffelkombinat<\/a><\/li>\n<li><a title=\"Ketex -Der Hobbybrotb\u00e4cker-\" href=\"http:\/\/ketex.de\/blog\">Ketex -Der Hobbybrotb\u00e4cker-<\/a><\/li>\n<li><a href=\"https:\/\/www.kuriositaetenladen.com\/\">Kleiner Kuriosit\u00e4tenladen<\/a><\/li>\n<li><a title=\"Kochbuch f\u00fcr Max und Moritz\" href=\"http:\/\/kochbuchfuermaxundmoritz.blogspot.com\/\">Kochbuch f\u00fcr Max und Moritz<\/a><\/li>\n<li><a title=\"K\u00fcchenlatein\" href=\"http:\/\/www.kuechenlatein.com\/\">K\u00fcchenlatein<\/a><\/li>\n<li><a title=\"lamiacucina\" href=\"http:\/\/lamiacucina.wordpress.com\">lamiacucina<\/a><\/li>\n<li><a title=\"moey's kitchen\" href=\"http:\/\/www.moeyskitchen.com\/\">moey&#8217;s kitchen<\/a><\/li>\n<li><a title=\"My Gardener's Table\" href=\"https:\/\/mygardenerstable.wordpress.com\">My Gardener&#8217;s Table<\/a><\/li>\n<li><a title=\"New Kitch On The Blog\" href=\"http:\/\/new-kitch-on-the-blog.blogspot.com\/\">New Kitch On The Blog<\/a><\/li>\n<li><a title=\"Nimmersatt\" href=\"https:\/\/nimmersatt.blog\/\">Nimmersatt<\/a><\/li>\n<li><a title=\"NutriCulinary\" href=\"http:\/\/nutriculinary.com\">NutriCulinary<\/a><\/li>\n<li><a title=\"Paprika meets Kardamom\" href=\"http:\/\/paprikameetskardamom.wordpress.com\">Paprika meets Kardamom<\/a><\/li>\n<li><a title=\"pastasciutta\" href=\"http:\/\/pastasciuttablog.blogspot.com\/\">pastasciutta<\/a><\/li>\n<li><a title=\"Pl\u00f6tzblog\" href=\"http:\/\/www.ploetzblog.de\">Pl\u00f6tzblog<\/a><\/li>\n<li><a title=\"rachel eats\" href=\"http:\/\/racheleats.wordpress.com\">rachel eats<\/a><\/li>\n<li><a title=\"smitten kitchen\" href=\"http:\/\/smittenkitchen.com\">smitten kitchen<\/a><\/li>\n<li><a title=\"The Amateur Gourmet\" href=\"http:\/\/www.amateurgourmet.com\">The Amateur Gourmet<\/a><\/li>\n<li><a title=\"The English can cook\" href=\"http:\/\/marmitelover.blogspot.com\/\">The English can cook<\/a><\/li>\n<li><a title=\"Zucker, Zimt und Liebe \" href=\"https:\/\/zuckerzimtundliebe.wordpress.com\/\">Zucker, Zimt und Liebe<\/a><\/li>\n<\/ul>\n","protected":false},"excerpt":{"rendered":"<p>Blogroll Eine Liste von Blogs, f\u00fcr die ich mich interessiere. Manche davon wurden seit Jahren nicht aktualisiert &#8211; sie haben dennoch einen Platz in meinem Herzen. Manche sind verwaist, weil der\/die Blogger*in dahinter nicht mehr lebt. Sie geh\u00f6ren immer noch zu denen, f\u00fcr die ich mich interessiere. Ach komm, geh wech Allt\u00e4gliches + Ausgedachtes Am [&hellip;]<\/p>\n","protected":false},"author":2,"featured_media":0,"parent":0,"menu_order":0,"comment_status":"closed","ping_status":"closed","template":"","meta":{"footnotes":""},"class_list":["post-772","page","type-page","status-publish","hentry"],"_links":{"self":[{"href":"https:\/\/www.vorspeisenplatte.de\/speisen\/wp-json\/wp\/v2\/pages\/772","targetHints":{"allow":["GET"]}}],"collection":[{"href":"https:\/\/www.vorspeisenplatte.de\/speisen\/wp-json\/wp\/v2\/pages"}],"about":[{"href":"https:\/\/www.vorspeisenplatte.de\/speisen\/wp-json\/wp\/v2\/types\/page"}],"author":[{"embeddable":true,"href":"https:\/\/www.vorspeisenplatte.de\/speisen\/wp-json\/wp\/v2\/users\/2"}],"replies":[{"embeddable":true,"href":"https:\/\/www.vorspeisenplatte.de\/speisen\/wp-json\/wp\/v2\/comments?post=772"}],"version-history":[{"count":3,"href":"https:\/\/www.vorspeisenplatte.de\/speisen\/wp-json\/wp\/v2\/pages\/772\/revisions"}],"predecessor-version":[{"id":53462,"href":"https:\/\/www.vorspeisenplatte.de\/speisen\/wp-json\/wp\/v2\/pages\/772\/revisions\/53462"}],"wp:attachment":[{"href":"https:\/\/www.vorspeisenplatte.de\/speisen\/wp-json\/wp\/v2\/media?parent=772"}],"curies":[{"name":"wp","href":"https:\/\/api.w.org\/{rel}","templated":true}]}}